{"id":311,"date":"2024-11-24T19:02:27","date_gmt":"2024-11-24T17:02:27","guid":{"rendered":"https:\/\/www.audiencetv.tv\/?page_id=311"},"modified":"2024-12-04T11:04:27","modified_gmt":"2024-12-04T09:04:27","slug":"julia","status":"publish","type":"page","link":"https:\/\/www.audiencetv.tv\/?page_id=311","title":{"rendered":"Julia"},"content":{"rendered":"\t\t<div data-elementor-type=\"wp-page\" data-elementor-id=\"311\" class=\"elementor elementor-311\" data-elementor-post-type=\"page\">\n\t\t\t\t<div class=\"elementor-element elementor-element-75b54a0 e-flex e-con-boxed e-con e-parent\" data-id=\"75b54a0\" data-element_type=\"container\">\n\t\t\t\t\t<div class=\"e-con-inner\">\n\t\t<div class=\"elementor-element elementor-element-9b092d9 e-con-full e-flex e-con e-child\" data-id=\"9b092d9\" data-element_type=\"container\">\n\t\t\t\t<div class=\"elementor-element elementor-element-e16ab41 elementor-widget elementor-widget-image\" data-id=\"e16ab41\" data-element_type=\"widget\" data-widget_type=\"image.default\">\n\t\t\t\t<div class=\"elementor-widget-container\">\n\t\t\t\t\t\t\t\t\t\t\t\t\t<img fetchpriority=\"high\" decoding=\"async\" width=\"757\" height=\"1024\" src=\"https:\/\/www.audiencetv.tv\/wp-content\/uploads\/2024\/11\/julia2-757x1024.jpeg\" class=\"attachment-large size-large wp-image-306\" alt=\"\" srcset=\"https:\/\/www.audiencetv.tv\/wp-content\/uploads\/2024\/11\/julia2-757x1024.jpeg 757w, https:\/\/www.audiencetv.tv\/wp-content\/uploads\/2024\/11\/julia2-222x300.jpeg 222w, https:\/\/www.audiencetv.tv\/wp-content\/uploads\/2024\/11\/julia2-768x1039.jpeg 768w, https:\/\/www.audiencetv.tv\/wp-content\/uploads\/2024\/11\/julia2.jpeg 776w\" sizes=\"(max-width: 757px) 100vw, 757px\" \/>\t\t\t\t\t\t\t\t\t\t\t\t\t<\/div>\n\t\t\t\t<\/div>\n\t\t\t\t<\/div>\n\t\t<div class=\"elementor-element elementor-element-a2f429b e-con-full e-flex e-con e-child\" data-id=\"a2f429b\" data-element_type=\"container\">\n\t\t\t\t<div class=\"elementor-element elementor-element-37bbc2e elementor-widget elementor-widget-heading\" data-id=\"37bbc2e\" data-element_type=\"widget\" data-widget_type=\"heading.default\">\n\t\t\t\t<div class=\"elementor-widget-container\">\n\t\t\t<h2 class=\"elementor-heading-title elementor-size-default\">Unsere Moderatorin\nJulia<\/h2>\t\t<\/div>\n\t\t\t\t<\/div>\n\t\t\t\t<div class=\"elementor-element elementor-element-e5ae56e elementor-widget elementor-widget-text-editor\" data-id=\"e5ae56e\" data-element_type=\"widget\" data-widget_type=\"text-editor.default\">\n\t\t\t\t<div class=\"elementor-widget-container\">\n\t\t\t\t\t\t\t<p>Julia entdeckte schon fr\u00fch ihr Interesse f\u00fcr das Fach Wirtschaftsinformatik, begann bereits in der 10. Klasse, sich intensiver damit zu besch\u00e4ftigen und nahm ein Studium an der Fernuniversit\u00e4t auf. <br \/>Heute studiert sie es noch immer voller Motivation und liebt es, die Verbindung zwischen technischen L\u00f6sungen und wirtschaftlichen Fragestellungen herzustellen.<\/p><p>Neben ihrer akademischen Laufbahn ist Julia im Leistungssport aktiv und spielt leidenschaftlich Volleyball. Der Sport hat ihr nicht nur k\u00f6rperliche St\u00e4rke, sondern auch Teamf\u00e4higkeit und Durchhalteverm\u00f6gen vermittelt.<\/p><p>Auch die Musik ist ein wichtiger Teil ihres Lebens. Sie singt sehr gerne und hat viele Jahre Klavier und auch mal Cello gespielt, was ihr die M\u00f6glichkeit gibt, ihre kreative Seite auszuleben.<\/p><p>In letzter Zeit hat Julia eine besondere Leidenschaft f\u00fcr das Moderieren entdeckt. Mit ihrer positiven Ausstrahlung und ihrer Freude an Kommunikation begeistert sie Menschen und schafft es, eine besondere Verbindung zu ihrem Publikum aufzubauen. <br \/>Erste Moderationen vor der Kamera im Bereich Sport und nun auch regionaler \u00f6ffentlicher Projekte werden mit positivem Feedback belohnt.<\/p><p>Diese Vielseitigkeit \u2013 eine Mischung aus analytischer Denkweise, sportlicher Disziplin, k\u00fcnstlerischer Kreativit\u00e4t und kommunikativer St\u00e4rke \u2013 macht Julia zu einer inspirierenden Pers\u00f6nlichkeit, die stets bereit ist, sich neuen Herausforderungen zu stellen.<\/p>\t\t\t\t\t\t<\/div>\n\t\t\t\t<\/div>\n\t\t\t\t<\/div>\n\t\t\t\t\t<\/div>\n\t\t\t\t<\/div>\n\t\t\t\t<\/div>\n\t\t","protected":false},"excerpt":{"rendered":"<p>Unsere Moderatorin Julia Julia entdeckte schon fr\u00fch ihr Interesse f\u00fcr das Fach Wirtschaftsinformatik, begann bereits in der 10. Klasse, sich intensiver damit zu besch\u00e4ftigen und nahm ein Studium an der Fernuniversit\u00e4t auf. Heute studiert sie es noch immer voller Motivation und liebt es, die Verbindung zwischen technischen L\u00f6sungen und wirtschaftlichen Fragestellungen herzustellen. Neben ihrer akademischen [&hellip;]<\/p>\n","protected":false},"author":2,"featured_media":0,"parent":0,"menu_order":0,"comment_status":"closed","ping_status":"closed","template":"elementor_header_footer","meta":{"_acf_changed":false,"footnotes":""},"class_list":["post-311","page","type-page","status-publish","hentry"],"acf":[],"yoast_head":"<!-- This site is optimized with the Yoast SEO plugin v23.5 - https:\/\/yoast.com\/wordpress\/plugins\/seo\/ -->\n<title>Julia - Audience TV<\/title>\n<meta name=\"robots\" content=\"noindex, follow, max-snippet:-1, max-image-preview:large, max-video-preview:-1\" \/>\n<meta property=\"og:locale\" content=\"de_DE\" \/>\n<meta property=\"og:type\" content=\"article\" \/>\n<meta property=\"og:title\" content=\"Julia - Audience TV\" \/>\n<meta property=\"og:description\" content=\"Unsere Moderatorin Julia Julia entdeckte schon fr\u00fch ihr Interesse f\u00fcr das Fach Wirtschaftsinformatik, begann bereits in der 10. Klasse, sich intensiver damit zu besch\u00e4ftigen und nahm ein Studium an der Fernuniversit\u00e4t auf. Heute studiert sie es noch immer voller Motivation und liebt es, die Verbindung zwischen technischen L\u00f6sungen und wirtschaftlichen Fragestellungen herzustellen. Neben ihrer akademischen [&hellip;]\" \/>\n<meta property=\"og:url\" content=\"https:\/\/www.audiencetv.tv\/?page_id=311\" \/>\n<meta property=\"og:site_name\" content=\"Audience TV\" \/>\n<meta property=\"article:modified_time\" content=\"2024-12-04T09:04:27+00:00\" \/>\n<meta property=\"og:image\" content=\"https:\/\/www.audiencetv.tv\/wp-content\/uploads\/2024\/11\/julia2-757x1024.jpeg\" \/>\n<meta name=\"twitter:card\" content=\"summary_large_image\" \/>\n<meta name=\"twitter:label1\" content=\"Gesch\u00e4tzte Lesezeit\" \/>\n\t<meta name=\"twitter:data1\" content=\"2\u00a0Minuten\" \/>\n<script type=\"application\/ld+json\" class=\"yoast-schema-graph\">{\"@context\":\"https:\/\/schema.org\",\"@graph\":[{\"@type\":\"WebPage\",\"@id\":\"https:\/\/www.audiencetv.tv\/?page_id=311\",\"url\":\"https:\/\/www.audiencetv.tv\/?page_id=311\",\"name\":\"Julia - Audience TV\",\"isPartOf\":{\"@id\":\"https:\/\/www.audiencetv.tv\/#website\"},\"primaryImageOfPage\":{\"@id\":\"https:\/\/www.audiencetv.tv\/?page_id=311#primaryimage\"},\"image\":{\"@id\":\"https:\/\/www.audiencetv.tv\/?page_id=311#primaryimage\"},\"thumbnailUrl\":\"https:\/\/www.audiencetv.tv\/wp-content\/uploads\/2024\/11\/julia2-757x1024.jpeg\",\"datePublished\":\"2024-11-24T17:02:27+00:00\",\"dateModified\":\"2024-12-04T09:04:27+00:00\",\"breadcrumb\":{\"@id\":\"https:\/\/www.audiencetv.tv\/?page_id=311#breadcrumb\"},\"inLanguage\":\"de\",\"potentialAction\":[{\"@type\":\"ReadAction\",\"target\":[\"https:\/\/www.audiencetv.tv\/?page_id=311\"]}]},{\"@type\":\"ImageObject\",\"inLanguage\":\"de\",\"@id\":\"https:\/\/www.audiencetv.tv\/?page_id=311#primaryimage\",\"url\":\"https:\/\/www.audiencetv.tv\/wp-content\/uploads\/2024\/11\/julia2.jpeg\",\"contentUrl\":\"https:\/\/www.audiencetv.tv\/wp-content\/uploads\/2024\/11\/julia2.jpeg\",\"width\":776,\"height\":1050},{\"@type\":\"BreadcrumbList\",\"@id\":\"https:\/\/www.audiencetv.tv\/?page_id=311#breadcrumb\",\"itemListElement\":[{\"@type\":\"ListItem\",\"position\":1,\"name\":\"Startseite\",\"item\":\"https:\/\/www.audiencetv.tv\/\"},{\"@type\":\"ListItem\",\"position\":2,\"name\":\"Julia\"}]},{\"@type\":\"WebSite\",\"@id\":\"https:\/\/www.audiencetv.tv\/#website\",\"url\":\"https:\/\/www.audiencetv.tv\/\",\"name\":\"Artist\",\"description\":\"\",\"publisher\":{\"@id\":\"https:\/\/www.audiencetv.tv\/#organization\"},\"potentialAction\":[{\"@type\":\"SearchAction\",\"target\":{\"@type\":\"EntryPoint\",\"urlTemplate\":\"https:\/\/www.audiencetv.tv\/?s={search_term_string}\"},\"query-input\":{\"@type\":\"PropertyValueSpecification\",\"valueRequired\":true,\"valueName\":\"search_term_string\"}}],\"inLanguage\":\"de\"},{\"@type\":\"Organization\",\"@id\":\"https:\/\/www.audiencetv.tv\/#organization\",\"name\":\"Artist\",\"url\":\"https:\/\/www.audiencetv.tv\/\",\"logo\":{\"@type\":\"ImageObject\",\"inLanguage\":\"de\",\"@id\":\"https:\/\/www.audiencetv.tv\/#\/schema\/logo\/image\/\",\"url\":\"https:\/\/www.audiencetv.tv\/wp-content\/uploads\/2024\/10\/audiencetv-logo-1.png\",\"contentUrl\":\"https:\/\/www.audiencetv.tv\/wp-content\/uploads\/2024\/10\/audiencetv-logo-1.png\",\"width\":1362,\"height\":298,\"caption\":\"Artist\"},\"image\":{\"@id\":\"https:\/\/www.audiencetv.tv\/#\/schema\/logo\/image\/\"}}]}<\/script>\n<!-- \/ Yoast SEO plugin. -->","yoast_head_json":{"title":"Julia - Audience TV","robots":{"index":"noindex","follow":"follow","max-snippet":"max-snippet:-1","max-image-preview":"max-image-preview:large","max-video-preview":"max-video-preview:-1"},"og_locale":"de_DE","og_type":"article","og_title":"Julia - Audience TV","og_description":"Unsere Moderatorin Julia Julia entdeckte schon fr\u00fch ihr Interesse f\u00fcr das Fach Wirtschaftsinformatik, begann bereits in der 10. Klasse, sich intensiver damit zu besch\u00e4ftigen und nahm ein Studium an der Fernuniversit\u00e4t auf. Heute studiert sie es noch immer voller Motivation und liebt es, die Verbindung zwischen technischen L\u00f6sungen und wirtschaftlichen Fragestellungen herzustellen. Neben ihrer akademischen [&hellip;]","og_url":"https:\/\/www.audiencetv.tv\/?page_id=311","og_site_name":"Audience TV","article_modified_time":"2024-12-04T09:04:27+00:00","og_image":[{"url":"https:\/\/www.audiencetv.tv\/wp-content\/uploads\/2024\/11\/julia2-757x1024.jpeg"}],"twitter_card":"summary_large_image","twitter_misc":{"Gesch\u00e4tzte Lesezeit":"2\u00a0Minuten"},"schema":{"@context":"https:\/\/schema.org","@graph":[{"@type":"WebPage","@id":"https:\/\/www.audiencetv.tv\/?page_id=311","url":"https:\/\/www.audiencetv.tv\/?page_id=311","name":"Julia - Audience TV","isPartOf":{"@id":"https:\/\/www.audiencetv.tv\/#website"},"primaryImageOfPage":{"@id":"https:\/\/www.audiencetv.tv\/?page_id=311#primaryimage"},"image":{"@id":"https:\/\/www.audiencetv.tv\/?page_id=311#primaryimage"},"thumbnailUrl":"https:\/\/www.audiencetv.tv\/wp-content\/uploads\/2024\/11\/julia2-757x1024.jpeg","datePublished":"2024-11-24T17:02:27+00:00","dateModified":"2024-12-04T09:04:27+00:00","breadcrumb":{"@id":"https:\/\/www.audiencetv.tv\/?page_id=311#breadcrumb"},"inLanguage":"de","potentialAction":[{"@type":"ReadAction","target":["https:\/\/www.audiencetv.tv\/?page_id=311"]}]},{"@type":"ImageObject","inLanguage":"de","@id":"https:\/\/www.audiencetv.tv\/?page_id=311#primaryimage","url":"https:\/\/www.audiencetv.tv\/wp-content\/uploads\/2024\/11\/julia2.jpeg","contentUrl":"https:\/\/www.audiencetv.tv\/wp-content\/uploads\/2024\/11\/julia2.jpeg","width":776,"height":1050},{"@type":"BreadcrumbList","@id":"https:\/\/www.audiencetv.tv\/?page_id=311#breadcrumb","itemListElement":[{"@type":"ListItem","position":1,"name":"Startseite","item":"https:\/\/www.audiencetv.tv\/"},{"@type":"ListItem","position":2,"name":"Julia"}]},{"@type":"WebSite","@id":"https:\/\/www.audiencetv.tv\/#website","url":"https:\/\/www.audiencetv.tv\/","name":"Artist","description":"","publisher":{"@id":"https:\/\/www.audiencetv.tv\/#organization"},"potentialAction":[{"@type":"SearchAction","target":{"@type":"EntryPoint","urlTemplate":"https:\/\/www.audiencetv.tv\/?s={search_term_string}"},"query-input":{"@type":"PropertyValueSpecification","valueRequired":true,"valueName":"search_term_string"}}],"inLanguage":"de"},{"@type":"Organization","@id":"https:\/\/www.audiencetv.tv\/#organization","name":"Artist","url":"https:\/\/www.audiencetv.tv\/","logo":{"@type":"ImageObject","inLanguage":"de","@id":"https:\/\/www.audiencetv.tv\/#\/schema\/logo\/image\/","url":"https:\/\/www.audiencetv.tv\/wp-content\/uploads\/2024\/10\/audiencetv-logo-1.png","contentUrl":"https:\/\/www.audiencetv.tv\/wp-content\/uploads\/2024\/10\/audiencetv-logo-1.png","width":1362,"height":298,"caption":"Artist"},"image":{"@id":"https:\/\/www.audiencetv.tv\/#\/schema\/logo\/image\/"}}]}},"_links":{"self":[{"href":"https:\/\/www.audiencetv.tv\/index.php?rest_route=\/wp\/v2\/pages\/311"}],"collection":[{"href":"https:\/\/www.audiencetv.tv\/index.php?rest_route=\/wp\/v2\/pages"}],"about":[{"href":"https:\/\/www.audiencetv.tv\/index.php?rest_route=\/wp\/v2\/types\/page"}],"author":[{"embeddable":true,"href":"https:\/\/www.audiencetv.tv\/index.php?rest_route=\/wp\/v2\/users\/2"}],"replies":[{"embeddable":true,"href":"https:\/\/www.audiencetv.tv\/index.php?rest_route=%2Fwp%2Fv2%2Fcomments&post=311"}],"version-history":[{"count":13,"href":"https:\/\/www.audiencetv.tv\/index.php?rest_route=\/wp\/v2\/pages\/311\/revisions"}],"predecessor-version":[{"id":342,"href":"https:\/\/www.audiencetv.tv\/index.php?rest_route=\/wp\/v2\/pages\/311\/revisions\/342"}],"wp:attachment":[{"href":"https:\/\/www.audiencetv.tv\/index.php?rest_route=%2Fwp%2Fv2%2Fmedia&parent=311"}],"curies":[{"name":"wp","href":"https:\/\/api.w.org\/{rel}","templated":true}]}}